{"id":477,"date":"2021-10-05T13:21:48","date_gmt":"2021-10-05T11:21:48","guid":{"rendered":"http:\/\/etoileduberger.bzh\/?page_id=477"},"modified":"2022-10-03T11:06:18","modified_gmt":"2022-10-03T09:06:18","slug":"concerts-a-venir","status":"publish","type":"page","link":"https:\/\/etoileduberger.bzh\/?page_id=477","title":{"rendered":"Concerts"},"content":{"rendered":"\n<p>Mandragore est en concert le dimanche 17 octobre 2021 \u00e0 l\u2019\u00c9toile du Berger. Elle joue sous la tente b\u00e9douine \u00e0 15h30. Le concert est pr\u00e9c\u00e9d\u00e9 d&rsquo;un d\u00e9jeuner \u00e0 partir de 12h &#8211; sous barnum et aupr\u00e8s de feux de camps. <\/p>\n\n\n\n<p>D\u00e9couvrez des extraits de <em>Cordes de Soie<\/em> ci-dessous, ainsi que des liens vers les cr\u00e9ations musicales et cr\u00e9ations BD de Mandra, artiste qui me touche profond\u00e9ment par son authenticit\u00e9 et sa g\u00e9n\u00e9rosit\u00e9 !<\/p>\n\n\n\n<p>Pour r\u00e9server contactez moi au 06 98 33 28 28 ou etoile@lacaunique.org<\/p>\n\n\n<p><img loading=\"lazy\" width=\"1040\" height=\"720\" class=\"size-full wp-image-474 aligncenter\" src=\"http:\/\/etoileduberger.bzh\/wp-content\/uploads\/2021\/10\/affiche-concert.jpg\" alt=\"\" srcset=\"https:\/\/etoileduberger.bzh\/wp-content\/uploads\/2021\/10\/affiche-concert.jpg 1040w, https:\/\/etoileduberger.bzh\/wp-content\/uploads\/2021\/10\/affiche-concert-300x208.jpg 300w, https:\/\/etoileduberger.bzh\/wp-content\/uploads\/2021\/10\/affiche-concert-1024x709.jpg 1024w, https:\/\/etoileduberger.bzh\/wp-content\/uploads\/2021\/10\/affiche-concert-768x532.jpg 768w, https:\/\/etoileduberger.bzh\/wp-content\/uploads\/2021\/10\/affiche-concert-958x663.jpg 958w\" sizes=\"(max-width: 1040px) 100vw, 1040px\" \/><\/p>\n\n\n<figure class=\"wp-block-embed is-type-video is-provider-vimeo wp-block-embed-vimeo wp-embed-aspect-16-9 wp-has-aspect-ratio\"><div class=\"wp-block-embed__wrapper\">\n<iframe title=\"presentation-Hovarek.mp4\" src=\"https:\/\/player.vimeo.com\/video\/573320311?h=d37950d09e&amp;dnt=1&amp;app_id=122963\" width=\"680\" height=\"383\" frameborder=\"0\" allow=\"autoplay; fullscreen; picture-in-picture\" allowfullscreen><\/iframe>\n<\/div><\/figure>\n\n\n\n<figure class=\"wp-block-embed is-type-video is-provider-vimeo wp-block-embed-vimeo wp-embed-aspect-16-9 wp-has-aspect-ratio\"><div class=\"wp-block-embed__wrapper\">\n<iframe title=\"presentation-i-psaradhes.mp4\" src=\"https:\/\/player.vimeo.com\/video\/570864447?h=4e1b3c899a&amp;dnt=1&amp;app_id=122963\" width=\"680\" height=\"383\" frameborder=\"0\" allow=\"autoplay; fullscreen; picture-in-picture\" allowfullscreen><\/iframe>\n<\/div><\/figure>\n\n\n\n<h2>Sites internet :<\/h2>\n\n\n\n<p><a href=\"http:\/\/mandragoremusic.com\">http:\/\/mandragoremusic.com<\/a><\/p>\n\n\n\n<p><a href=\"https:\/\/mandragorebd.wixsite.com\/site\">https:\/\/mandragorebd.wixsite.com\/site<\/a><\/p>\n","protected":false},"excerpt":{"rendered":"<p>Mandragore est en concert le dimanche 17 octobre 2021 \u00e0 l\u2019\u00c9toile du Berger. Elle joue sous la tente b\u00e9douine \u00e0 15h30. Le concert est pr\u00e9c\u00e9d\u00e9 d&rsquo;un d\u00e9jeuner \u00e0 partir de 12h &#8211; sous barnum et aupr\u00e8s de feux de camps. D\u00e9couvrez des extraits de Cordes de Soie ci-dessous, ainsi que des liens vers les cr\u00e9ations musicales et cr\u00e9ations BD de Mandra, artiste qui me touche profond\u00e9ment par son authenticit\u00e9 et sa g\u00e9n\u00e9rosit\u00e9 ! Pour r\u00e9server contactez moi au 06 98 33 28 28 ou etoile@lacaunique.org Sites internet : http:\/\/mandragoremusic.com https:\/\/mandragorebd.wixsite.com\/site<\/p>\n","protected":false},"author":1,"featured_media":0,"parent":0,"menu_order":0,"comment_status":"closed","ping_status":"closed","template":"","meta":[],"_links":{"self":[{"href":"https:\/\/etoileduberger.bzh\/index.php?rest_route=\/wp\/v2\/pages\/477"}],"collection":[{"href":"https:\/\/etoileduberger.bzh\/index.php?rest_route=\/wp\/v2\/pages"}],"about":[{"href":"https:\/\/etoileduberger.bzh\/index.php?rest_route=\/wp\/v2\/types\/page"}],"author":[{"embeddable":true,"href":"https:\/\/etoileduberger.bzh\/index.php?rest_route=\/wp\/v2\/users\/1"}],"replies":[{"embeddable":true,"href":"https:\/\/etoileduberger.bzh\/index.php?rest_route=%2Fwp%2Fv2%2Fcomments&post=477"}],"version-history":[{"count":8,"href":"https:\/\/etoileduberger.bzh\/index.php?rest_route=\/wp\/v2\/pages\/477\/revisions"}],"predecessor-version":[{"id":514,"href":"https:\/\/etoileduberger.bzh\/index.php?rest_route=\/wp\/v2\/pages\/477\/revisions\/514"}],"wp:attachment":[{"href":"https:\/\/etoileduberger.bzh\/index.php?rest_route=%2Fwp%2Fv2%2Fmedia&parent=477"}],"curies":[{"name":"wp","href":"https:\/\/api.w.org\/{rel}","templated":true}]}}